{"id":193,"date":"2025-11-11T21:15:47","date_gmt":"2025-11-11T21:15:47","guid":{"rendered":"https:\/\/nieuwesite.osteriadavinci.nl\/?page_id=193"},"modified":"2026-03-02T14:11:05","modified_gmt":"2026-03-02T14:11:05","slug":"menu-da-vinci","status":"publish","type":"page","link":"https:\/\/osteriadavinci.nl\/it\/menu-da-vinci\/","title":{"rendered":"Men\u00f9 \u201cDa Vinci\u201d"},"content":{"rendered":"<div class=\"wp-block-cover\" style=\"min-height:253px;aspect-ratio:unset;\"><img loading=\"lazy\" decoding=\"async\" width=\"2048\" height=\"789\" class=\"wp-block-cover__image-background wp-image-261 size-full\" alt=\"twee borden met pasta \" src=\"https:\/\/osteriadavinci.nl\/wp-content\/uploads\/2025\/11\/Pasta-keuken-1.png\" style=\"object-position:34% 51%\" data-object-fit=\"cover\" data-object-position=\"34% 51%\" srcset=\"https:\/\/osteriadavinci.nl\/wp-content\/uploads\/2025\/11\/Pasta-keuken-1.png 2048w, https:\/\/osteriadavinci.nl\/wp-content\/uploads\/2025\/11\/Pasta-keuken-1-300x116.png 300w, https:\/\/osteriadavinci.nl\/wp-content\/uploads\/2025\/11\/Pasta-keuken-1-1024x395.png 1024w, https:\/\/osteriadavinci.nl\/wp-content\/uploads\/2025\/11\/Pasta-keuken-1-768x296.png 768w, https:\/\/osteriadavinci.nl\/wp-content\/uploads\/2025\/11\/Pasta-keuken-1-1536x592.png 1536w\" sizes=\"auto, (max-width: 2048px) 100vw, 2048px\" \/><span aria-hidden=\"true\" class=\"wp-block-cover__background has-ti-fg-background-color has-background-dim-70 has-background-dim\"><\/span><div class=\"wp-block-cover__inner-container is-layout-constrained wp-block-cover-is-layout-constrained\">\n<figure class=\"wp-block-pullquote\" style=\"border-radius:30px\"><blockquote><p><strong>&#8220;Ogni pasto \u00e8 una festa se condiviso con chi ami.&#8221;<\/strong><\/p><cite>Elke maaltijd is een feest als je het deelt met wie je liefhebt.<\/cite><\/blockquote><\/figure>\n<\/div><\/div>\n\n\n\n<div style=\"height:50px\" aria-hidden=\"true\" class=\"wp-block-spacer\"><\/div>\n\n\n\n<h1 class=\"wp-block-heading has-text-align-center has-ti-fg-color has-text-color has-link-color has-x-large-font-size wp-elements-58653597c0b4677bdd625e46a60b1890\">Men\u00f9 \u201cDa Vinci\u201d <\/h1>\n\n\n\n<h2 class=\"wp-block-heading has-text-align-center has-ti-fg-color has-text-color has-link-color has-large-font-size wp-elements-c4eef378eaf7afa86ceabf05553a28b0\">Da condividere<\/h2>\n\n\n\n<div style=\"height:50px\" aria-hidden=\"true\" class=\"wp-block-spacer\"><\/div>\n\n\n\n<p class=\"has-text-align-center\"><strong>PASSATEMPI<\/strong><br>variet\u00e0 di prelibatezze fatte in casa per accompagnare l\u2019aperitivo<\/p>\n\n\n\n<p class=\"has-text-align-center\"><strong>ANTIPASTI<\/strong><br>selezione di vari antipasti<\/p>\n\n\n\n<p class=\"has-text-align-center\"><strong>PRIMI<\/strong><br>pasta<br>(opzione pizza piccola)<\/p>\n\n\n\n<p class=\"has-text-align-center\"><strong>SECONDI<\/strong><br>piatti di pesce e carne<br>(opzione pizza piccola)<\/p>\n\n\n\n<p class=\"has-text-align-center\"><strong>DOLCI<\/strong><br>un dolce finale al men\u00f9<\/p>\n\n\n\n<p class=\"has-text-align-center\">52.50 pp<\/p>\n\n\n\n<p class=\"has-text-align-center\">Saremo lieti di adattare il men\u00f9 alle tue esigenze: carne, pesce, o completamente vegetariano.<\/p>\n\n\n\n<p class=\"has-text-align-center\">Faccelo pure sapere!<\/p>\n\n\n\n<p class=\"has-text-align-center has-small-font-size\">Preferiresti un men\u00f9 con meno portate? Questa \u00e8 indubbiamente una possibilit\u00e0:<\/p>\n\n\n\n<p class=\"has-text-align-center has-small-font-size\">5 portate: 52.50 pp<br>4 portate: 47.50 pp<br>3 portate: 42.50 pp<br>2 portate: 37.50 pp<\/p>\n\n\n\n<div style=\"height:50px\" aria-hidden=\"true\" class=\"wp-block-spacer\"><\/div>","protected":false},"excerpt":{"rendered":"<p>Menu &#8220;Da Vinci&#8221; Da condividere &#8211; Samen genieten PASSATEMPIvariatie van huisgemaakte lekkernijen bij de aperitief ANTIPASTIproeverij van verschillende voorgerechten PRIMIculinaire pasta(optioneel kleine pizza) SECONDIvis- en vleesgerecht(optioneel kleine pizza) DOLCIzoete afsluiter van het menu 52.50 pp We passen het menu graag aan: vlees, vis of helemaal vegetarisch. Laat het ons gerust weten! Liever een korter menu? [&hellip;]<\/p>\n","protected":false},"author":1,"featured_media":0,"parent":0,"menu_order":0,"comment_status":"closed","ping_status":"closed","template":"","meta":{"_uag_custom_page_level_css":"","_themeisle_gutenberg_block_has_review":false,"footnotes":""},"class_list":["post-193","page","type-page","status-publish","hentry"],"yoast_head":"<!-- This site is optimized with the Yoast SEO plugin v27.3 - https:\/\/yoast.com\/product\/yoast-seo-wordpress\/ -->\n<title>Menu &quot;Da Vinci&quot; - Osteria Da Vinci<\/title>\n<meta name=\"description\" content=\"Menu &quot;Da Vinci&quot; - Meerdere gangen authentieke Italiaanse gerechten om te delen en samen van te genieten, vers en met passie bereid.\" \/>\n<meta name=\"robots\" content=\"index, follow, max-snippet:-1, max-image-preview:large, max-video-preview:-1\" \/>\n<link rel=\"canonical\" href=\"https:\/\/osteriadavinci.nl\/it\/menu-da-vinci\/\" \/>\n<meta property=\"og:locale\" content=\"it_IT\" \/>\n<meta property=\"og:type\" content=\"article\" \/>\n<meta property=\"og:title\" content=\"Menu &quot;Da Vinci&quot; - Osteria Da Vinci\" \/>\n<meta property=\"og:description\" content=\"Menu &quot;Da Vinci&quot; - Meerdere gangen authentieke Italiaanse gerechten om te delen en samen van te genieten, vers en met passie bereid.\" \/>\n<meta property=\"og:url\" content=\"https:\/\/osteriadavinci.nl\/it\/menu-da-vinci\/\" \/>\n<meta property=\"og:site_name\" content=\"Osteria Da Vinci\" \/>\n<meta property=\"article:publisher\" content=\"https:\/\/www.facebook.com\/DaVinciGroningen\" \/>\n<meta property=\"article:modified_time\" content=\"2026-03-02T14:11:05+00:00\" \/>\n<meta property=\"og:image\" content=\"https:\/\/osteriadavinci.nl\/wp-content\/uploads\/2025\/11\/Pasta-keuken-1.png\" \/>\n\t<meta property=\"og:image:width\" content=\"2048\" \/>\n\t<meta property=\"og:image:height\" content=\"789\" \/>\n\t<meta property=\"og:image:type\" content=\"image\/png\" \/>\n<meta name=\"twitter:card\" content=\"summary_large_image\" \/>\n<meta name=\"twitter:label1\" content=\"Tempo di lettura stimato\" \/>\n\t<meta name=\"twitter:data1\" content=\"1 minuto\" \/>\n<script type=\"application\/ld+json\" class=\"yoast-schema-graph\">{\"@context\":\"https:\\\/\\\/schema.org\",\"@graph\":[{\"@type\":\"WebPage\",\"@id\":\"https:\\\/\\\/osteriadavinci.nl\\\/menu-da-vinci\\\/\",\"url\":\"https:\\\/\\\/osteriadavinci.nl\\\/menu-da-vinci\\\/\",\"name\":\"Menu \\\"Da Vinci\\\" - Osteria Da Vinci\",\"isPartOf\":{\"@id\":\"https:\\\/\\\/osteriadavinci.nl\\\/#website\"},\"primaryImageOfPage\":{\"@id\":\"https:\\\/\\\/osteriadavinci.nl\\\/menu-da-vinci\\\/#primaryimage\"},\"image\":{\"@id\":\"https:\\\/\\\/osteriadavinci.nl\\\/menu-da-vinci\\\/#primaryimage\"},\"thumbnailUrl\":\"https:\\\/\\\/osteriadavinci.nl\\\/wp-content\\\/uploads\\\/2025\\\/11\\\/Pasta-keuken-1.png\",\"datePublished\":\"2025-11-11T21:15:47+00:00\",\"dateModified\":\"2026-03-02T14:11:05+00:00\",\"description\":\"Menu \\\"Da Vinci\\\" - Meerdere gangen authentieke Italiaanse gerechten om te delen en samen van te genieten, vers en met passie bereid.\",\"breadcrumb\":{\"@id\":\"https:\\\/\\\/osteriadavinci.nl\\\/menu-da-vinci\\\/#breadcrumb\"},\"inLanguage\":\"it-IT\",\"potentialAction\":[{\"@type\":\"ReadAction\",\"target\":[\"https:\\\/\\\/osteriadavinci.nl\\\/menu-da-vinci\\\/\"]}]},{\"@type\":\"ImageObject\",\"inLanguage\":\"it-IT\",\"@id\":\"https:\\\/\\\/osteriadavinci.nl\\\/menu-da-vinci\\\/#primaryimage\",\"url\":\"https:\\\/\\\/osteriadavinci.nl\\\/wp-content\\\/uploads\\\/2025\\\/11\\\/Pasta-keuken-1.png\",\"contentUrl\":\"https:\\\/\\\/osteriadavinci.nl\\\/wp-content\\\/uploads\\\/2025\\\/11\\\/Pasta-keuken-1.png\"},{\"@type\":\"BreadcrumbList\",\"@id\":\"https:\\\/\\\/osteriadavinci.nl\\\/menu-da-vinci\\\/#breadcrumb\",\"itemListElement\":[{\"@type\":\"ListItem\",\"position\":1,\"name\":\"Home\",\"item\":\"https:\\\/\\\/osteriadavinci.nl\\\/\"},{\"@type\":\"ListItem\",\"position\":2,\"name\":\"Menu &#8220;Da Vinci&#8221;\"}]},{\"@type\":\"WebSite\",\"@id\":\"https:\\\/\\\/osteriadavinci.nl\\\/#website\",\"url\":\"https:\\\/\\\/osteriadavinci.nl\\\/\",\"name\":\"Osteria Da Vinci\",\"description\":\"Italiaans genieten in Groningen\",\"publisher\":{\"@id\":\"https:\\\/\\\/osteriadavinci.nl\\\/#organization\"},\"potentialAction\":[{\"@type\":\"SearchAction\",\"target\":{\"@type\":\"EntryPoint\",\"urlTemplate\":\"https:\\\/\\\/osteriadavinci.nl\\\/?s={search_term_string}\"},\"query-input\":{\"@type\":\"PropertyValueSpecification\",\"valueRequired\":true,\"valueName\":\"search_term_string\"}}],\"inLanguage\":\"it-IT\"},{\"@type\":\"Organization\",\"@id\":\"https:\\\/\\\/osteriadavinci.nl\\\/#organization\",\"name\":\"Osteria Da Vinci\",\"url\":\"https:\\\/\\\/osteriadavinci.nl\\\/\",\"logo\":{\"@type\":\"ImageObject\",\"inLanguage\":\"it-IT\",\"@id\":\"https:\\\/\\\/osteriadavinci.nl\\\/#\\\/schema\\\/logo\\\/image\\\/\",\"url\":\"https:\\\/\\\/osteriadavinci.nl\\\/wp-content\\\/uploads\\\/2025\\\/10\\\/Logo-licht-beige-website.png\",\"contentUrl\":\"https:\\\/\\\/osteriadavinci.nl\\\/wp-content\\\/uploads\\\/2025\\\/10\\\/Logo-licht-beige-website.png\",\"width\":500,\"height\":500,\"caption\":\"Osteria Da Vinci\"},\"image\":{\"@id\":\"https:\\\/\\\/osteriadavinci.nl\\\/#\\\/schema\\\/logo\\\/image\\\/\"},\"sameAs\":[\"https:\\\/\\\/www.facebook.com\\\/DaVinciGroningen\",\"https:\\\/\\\/www.instagram.com\\\/davincigroningen\\\/\"]}]}<\/script>\n<!-- \/ Yoast SEO plugin. -->","yoast_head_json":{"title":"Menu \"Da Vinci\" - Osteria Da Vinci","description":"Menu \"Da Vinci\" - Meerdere gangen authentieke Italiaanse gerechten om te delen en samen van te genieten, vers en met passie bereid.","robots":{"index":"index","follow":"follow","max-snippet":"max-snippet:-1","max-image-preview":"max-image-preview:large","max-video-preview":"max-video-preview:-1"},"canonical":"https:\/\/osteriadavinci.nl\/it\/menu-da-vinci\/","og_locale":"it_IT","og_type":"article","og_title":"Menu \"Da Vinci\" - Osteria Da Vinci","og_description":"Menu \"Da Vinci\" - Meerdere gangen authentieke Italiaanse gerechten om te delen en samen van te genieten, vers en met passie bereid.","og_url":"https:\/\/osteriadavinci.nl\/it\/menu-da-vinci\/","og_site_name":"Osteria Da Vinci","article_publisher":"https:\/\/www.facebook.com\/DaVinciGroningen","article_modified_time":"2026-03-02T14:11:05+00:00","og_image":[{"width":2048,"height":789,"url":"https:\/\/osteriadavinci.nl\/wp-content\/uploads\/2025\/11\/Pasta-keuken-1.png","type":"image\/png"}],"twitter_card":"summary_large_image","twitter_misc":{"Tempo di lettura stimato":"1 minuto"},"schema":{"@context":"https:\/\/schema.org","@graph":[{"@type":"WebPage","@id":"https:\/\/osteriadavinci.nl\/menu-da-vinci\/","url":"https:\/\/osteriadavinci.nl\/menu-da-vinci\/","name":"Menu \"Da Vinci\" - Osteria Da Vinci","isPartOf":{"@id":"https:\/\/osteriadavinci.nl\/#website"},"primaryImageOfPage":{"@id":"https:\/\/osteriadavinci.nl\/menu-da-vinci\/#primaryimage"},"image":{"@id":"https:\/\/osteriadavinci.nl\/menu-da-vinci\/#primaryimage"},"thumbnailUrl":"https:\/\/osteriadavinci.nl\/wp-content\/uploads\/2025\/11\/Pasta-keuken-1.png","datePublished":"2025-11-11T21:15:47+00:00","dateModified":"2026-03-02T14:11:05+00:00","description":"Menu \"Da Vinci\" - Meerdere gangen authentieke Italiaanse gerechten om te delen en samen van te genieten, vers en met passie bereid.","breadcrumb":{"@id":"https:\/\/osteriadavinci.nl\/menu-da-vinci\/#breadcrumb"},"inLanguage":"it-IT","potentialAction":[{"@type":"ReadAction","target":["https:\/\/osteriadavinci.nl\/menu-da-vinci\/"]}]},{"@type":"ImageObject","inLanguage":"it-IT","@id":"https:\/\/osteriadavinci.nl\/menu-da-vinci\/#primaryimage","url":"https:\/\/osteriadavinci.nl\/wp-content\/uploads\/2025\/11\/Pasta-keuken-1.png","contentUrl":"https:\/\/osteriadavinci.nl\/wp-content\/uploads\/2025\/11\/Pasta-keuken-1.png"},{"@type":"BreadcrumbList","@id":"https:\/\/osteriadavinci.nl\/menu-da-vinci\/#breadcrumb","itemListElement":[{"@type":"ListItem","position":1,"name":"Home","item":"https:\/\/osteriadavinci.nl\/"},{"@type":"ListItem","position":2,"name":"Menu &#8220;Da Vinci&#8221;"}]},{"@type":"WebSite","@id":"https:\/\/osteriadavinci.nl\/#website","url":"https:\/\/osteriadavinci.nl\/","name":"Osteria Da Vinci","description":"Italiaans genieten in Groningen","publisher":{"@id":"https:\/\/osteriadavinci.nl\/#organization"},"potentialAction":[{"@type":"SearchAction","target":{"@type":"EntryPoint","urlTemplate":"https:\/\/osteriadavinci.nl\/?s={search_term_string}"},"query-input":{"@type":"PropertyValueSpecification","valueRequired":true,"valueName":"search_term_string"}}],"inLanguage":"it-IT"},{"@type":"Organization","@id":"https:\/\/osteriadavinci.nl\/#organization","name":"Osteria Da Vinci","url":"https:\/\/osteriadavinci.nl\/","logo":{"@type":"ImageObject","inLanguage":"it-IT","@id":"https:\/\/osteriadavinci.nl\/#\/schema\/logo\/image\/","url":"https:\/\/osteriadavinci.nl\/wp-content\/uploads\/2025\/10\/Logo-licht-beige-website.png","contentUrl":"https:\/\/osteriadavinci.nl\/wp-content\/uploads\/2025\/10\/Logo-licht-beige-website.png","width":500,"height":500,"caption":"Osteria Da Vinci"},"image":{"@id":"https:\/\/osteriadavinci.nl\/#\/schema\/logo\/image\/"},"sameAs":["https:\/\/www.facebook.com\/DaVinciGroningen","https:\/\/www.instagram.com\/davincigroningen\/"]}]}},"uagb_featured_image_src":{"full":false,"thumbnail":false,"medium":false,"medium_large":false,"large":false,"1536x1536":false,"2048x2048":false,"trp-custom-language-flag":false},"uagb_author_info":{"display_name":"admin","author_link":"https:\/\/osteriadavinci.nl\/it\/author\/admin\/"},"uagb_comment_info":0,"uagb_excerpt":"Menu &#8220;Da Vinci&#8221; Da condividere &#8211; Samen genieten PASSATEMPIvariatie van huisgemaakte lekkernijen bij de aperitief ANTIPASTIproeverij van verschillende voorgerechten PRIMIculinaire pasta(optioneel kleine pizza) SECONDIvis- en vleesgerecht(optioneel kleine pizza) DOLCIzoete afsluiter van het menu 52.50 pp We passen het menu graag aan: vlees, vis of helemaal vegetarisch. Laat het ons gerust weten! Liever een korter menu?&hellip;","_links":{"self":[{"href":"https:\/\/osteriadavinci.nl\/it\/wp-json\/wp\/v2\/pages\/193","targetHints":{"allow":["GET"]}}],"collection":[{"href":"https:\/\/osteriadavinci.nl\/it\/wp-json\/wp\/v2\/pages"}],"about":[{"href":"https:\/\/osteriadavinci.nl\/it\/wp-json\/wp\/v2\/types\/page"}],"author":[{"embeddable":true,"href":"https:\/\/osteriadavinci.nl\/it\/wp-json\/wp\/v2\/users\/1"}],"replies":[{"embeddable":true,"href":"https:\/\/osteriadavinci.nl\/it\/wp-json\/wp\/v2\/comments?post=193"}],"version-history":[{"count":11,"href":"https:\/\/osteriadavinci.nl\/it\/wp-json\/wp\/v2\/pages\/193\/revisions"}],"predecessor-version":[{"id":826,"href":"https:\/\/osteriadavinci.nl\/it\/wp-json\/wp\/v2\/pages\/193\/revisions\/826"}],"wp:attachment":[{"href":"https:\/\/osteriadavinci.nl\/it\/wp-json\/wp\/v2\/media?parent=193"}],"curies":[{"name":"wp","href":"https:\/\/api.w.org\/{rel}","templated":true}]}}